{"id":585,"date":"2024-03-20T10:31:16","date_gmt":"2024-03-20T09:31:54","guid":{"rendered":"https:\/\/www.mortsdelarue.brussels\/contact-us\/"},"modified":"2024-09-02T10:07:59","modified_gmt":"2024-09-02T08:07:59","slug":"contact","status":"publish","type":"page","link":"http:\/\/www.mortsdelarue.brussels\/nl\/contact\/","title":{"rendered":"Neem contact met ons op"},"content":{"rendered":"<div data-elementor-type=\"wp-page\" data-elementor-id=\"585\" class=\"elementor elementor-585\" data-elementor-post-type=\"page\">\n\t\t\t\t<div class=\"elementor-element elementor-element-58c779e4 e-flex e-con-boxed e-con e-parent\" data-id=\"58c779e4\" data-element_type=\"container\" data-e-type=\"container\">\n\t\t\t\t\t<div class=\"e-con-inner\">\n\t\t<div class=\"elementor-element elementor-element-7034862b e-con-full e-flex e-con e-child\" data-id=\"7034862b\" data-element_type=\"container\" data-e-type=\"container\">\n\t\t\t\t<div class=\"elementor-element elementor-element-4d2b9e2b elementor-widget__width-initial elementor-absolute elementor-widget elementor-widget-spacer\" data-id=\"4d2b9e2b\" data-element_type=\"widget\" data-e-type=\"widget\" data-settings=\"{&quot;_position&quot;:&quot;absolute&quot;}\" data-widget_type=\"spacer.default\">\n\t\t\t\t<div class=\"elementor-widget-container\">\n\t\t\t\t\t\t\t<div class=\"elementor-spacer\">\n\t\t\t<div class=\"elementor-spacer-inner\"><\/div>\n\t\t<\/div>\n\t\t\t\t\t\t<\/div>\n\t\t\t\t<\/div>\n\t\t\t\t<div class=\"elementor-element elementor-element-7c30a19b elementor-widget elementor-widget-heading\" data-id=\"7c30a19b\" data-element_type=\"widget\" data-e-type=\"widget\" data-widget_type=\"heading.default\">\n\t\t\t\t<div class=\"elementor-widget-container\">\n\t\t\t\t\t<h1 class=\"elementor-heading-title elementor-size-default\">Neem contact met ons op <\/h1>\t\t\t\t<\/div>\n\t\t\t\t<\/div>\n\t\t\t\t<div class=\"elementor-element elementor-element-27d5d622 elementor-widget elementor-widget-text-editor\" data-id=\"27d5d622\" data-element_type=\"widget\" data-e-type=\"widget\" data-widget_type=\"text-editor.default\">\n\t\t\t\t<div class=\"elementor-widget-container\">\n\t\t\t\t\t\t\t\t\t<p>Qu\u2019on continue \u00e0 se soutenir dans la lutte contre l\u2019indiff\u00e9rence, la disriminiation et l\u2019indignit\u00e9. Notre collectif existe uniquement par cette solidarit\u00e9 entre nous, m\u00eame au-dela de la mort.<\/p>\t\t\t\t\t\t\t\t<\/div>\n\t\t\t\t<\/div>\n\t\t\t\t<\/div>\n\t\t<div class=\"elementor-element elementor-element-1055f7da e-con-full e-flex e-con e-child\" data-id=\"1055f7da\" data-element_type=\"container\" data-e-type=\"container\" data-settings=\"{&quot;background_background&quot;:&quot;classic&quot;}\">\n\t\t\t\t<\/div>\n\t\t\t\t\t<\/div>\n\t\t\t\t<\/div>\n\t\t\t\t<\/div>","protected":false},"excerpt":{"rendered":"<p>Nous contacter Qu\u2019on continue \u00e0 se soutenir dans la lutte contre l\u2019indiff\u00e9rence, la disriminiation et l\u2019indignit\u00e9. Notre collectif existe uniquement par cette solidarit\u00e9 entre nous, m\u00eame au-dela de la mort.<\/p>","protected":false},"author":1,"featured_media":0,"parent":0,"menu_order":6,"comment_status":"closed","ping_status":"closed","template":"elementor_header_footer","meta":{"_acf_changed":false,"footnotes":""},"class_list":["post-585","page","type-page","status-publish","hentry"],"acf":[],"_links":{"self":[{"href":"http:\/\/www.mortsdelarue.brussels\/nl\/wp-json\/wp\/v2\/pages\/585","targetHints":{"allow":["GET"]}}],"collection":[{"href":"http:\/\/www.mortsdelarue.brussels\/nl\/wp-json\/wp\/v2\/pages"}],"about":[{"href":"http:\/\/www.mortsdelarue.brussels\/nl\/wp-json\/wp\/v2\/types\/page"}],"author":[{"embeddable":true,"href":"http:\/\/www.mortsdelarue.brussels\/nl\/wp-json\/wp\/v2\/users\/1"}],"replies":[{"embeddable":true,"href":"http:\/\/www.mortsdelarue.brussels\/nl\/wp-json\/wp\/v2\/comments?post=585"}],"version-history":[{"count":0,"href":"http:\/\/www.mortsdelarue.brussels\/nl\/wp-json\/wp\/v2\/pages\/585\/revisions"}],"wp:attachment":[{"href":"http:\/\/www.mortsdelarue.brussels\/nl\/wp-json\/wp\/v2\/media?parent=585"}],"curies":[{"name":"wp","href":"https:\/\/api.w.org\/{rel}","templated":true}]}}