{"id":1046,"date":"2024-09-09T14:57:16","date_gmt":"2024-09-09T12:57:50","guid":{"rendered":"https:\/\/www.mortsdelarue.brussels\/?page_id=1046"},"modified":"2025-02-03T15:16:30","modified_gmt":"2025-02-03T14:16:30","slug":"faq","status":"publish","type":"page","link":"https:\/\/www.mortsdelarue.brussels\/nl\/faq\/","title":{"rendered":"Veelgestelde vragen"},"content":{"rendered":"<div data-elementor-type=\"wp-page\" data-elementor-id=\"1046\" class=\"elementor elementor-1046\" data-elementor-post-type=\"page\">\n\t\t\t\t<div class=\"elementor-element elementor-element-540e468 e-flex e-con-boxed e-con e-parent\" data-id=\"540e468\" data-element_type=\"container\" data-e-type=\"container\">\n\t\t\t\t\t<div class=\"e-con-inner\">\n\t\t<div class=\"elementor-element elementor-element-fa960fb e-flex e-con-boxed e-con e-child\" data-id=\"fa960fb\" data-element_type=\"container\" data-e-type=\"container\">\n\t\t\t\t\t<div class=\"e-con-inner\">\n\t\t\t\t<div class=\"elementor-element elementor-element-8eab9e4 elementor-invisible elementor-widget elementor-widget-heading\" data-id=\"8eab9e4\" data-element_type=\"widget\" data-e-type=\"widget\" data-settings=\"{&quot;_animation&quot;:&quot;fadeInUp&quot;}\" data-widget_type=\"heading.default\">\n\t\t\t\t<div class=\"elementor-widget-container\">\n\t\t\t\t\t<h3 class=\"elementor-heading-title elementor-size-default\">Namelijk!<\/h3>\t\t\t\t<\/div>\n\t\t\t\t<\/div>\n\t\t\t\t<div class=\"elementor-element elementor-element-59232c5 elementor-widget elementor-widget-heading\" data-id=\"59232c5\" data-element_type=\"widget\" data-e-type=\"widget\" data-widget_type=\"heading.default\">\n\t\t\t\t<div class=\"elementor-widget-container\">\n\t\t\t\t\t<h2 class=\"elementor-heading-title elementor-size-default\">Veelgestelde vragen<\/h2>\t\t\t\t<\/div>\n\t\t\t\t<\/div>\n\t\t\t\t\t<\/div>\n\t\t\t\t<\/div>\n\t\t<div class=\"elementor-element elementor-element-36e949c e-con-full e-flex e-con e-child\" data-id=\"36e949c\" data-element_type=\"container\" data-e-type=\"container\">\n\t\t<div class=\"elementor-element elementor-element-0e6130c e-con-full e-flex e-con e-child\" data-id=\"0e6130c\" data-element_type=\"container\" data-e-type=\"container\">\n\t\t\t\t<div class=\"elementor-element elementor-element-0c80a06 elementor-widget elementor-widget-n-accordion\" data-id=\"0c80a06\" data-element_type=\"widget\" data-e-type=\"widget\" data-settings=\"{&quot;default_state&quot;:&quot;all_collapsed&quot;,&quot;max_items_expended&quot;:&quot;one&quot;,&quot;n_accordion_animation_duration&quot;:{&quot;unit&quot;:&quot;ms&quot;,&quot;size&quot;:400,&quot;sizes&quot;:[]}}\" data-widget_type=\"nested-accordion.default\">\n\t\t\t\t<div class=\"elementor-widget-container\">\n\t\t\t\t\t\t\t<div class=\"e-n-accordion\" aria-label=\"Accordeon. Open koppelingen met Enter of Spatie, sluit met Escape en navigeer met de pijltoetsen\">\n\t\t\t\t\t\t<details id=\"e-n-accordion-item-1310\" class=\"e-n-accordion-item\" >\n\t\t\t\t<summary class=\"e-n-accordion-item-title\" data-accordion-index=\"1\" tabindex=\"0\" aria-expanded=\"false\" aria-controls=\"e-n-accordion-item-1310\" >\n\t\t\t\t\t<span class='e-n-accordion-item-title-header'><div class=\"e-n-accordion-item-title-text\"> Wat zijn onze financi\u00eble middelen? <\/div><\/span>\n\t\t\t\t\t\t\t<span class='e-n-accordion-item-title-icon'>\n\t\t\t<span class='e-opened' ><i aria-hidden=\"true\" class=\"ban ban-ios-arrow-up\"><\/i><\/span>\n\t\t\t<span class='e-closed'><i aria-hidden=\"true\" class=\"ban ban-ios-arrow-down\"><\/i><\/span>\n\t\t<\/span>\n\n\t\t\t\t\t\t<\/summary>\n\t\t\t\t<div role=\"region\" aria-labelledby=\"e-n-accordion-item-1310\" class=\"elementor-element elementor-element-334c946 e-con-full e-flex e-con e-child\" data-id=\"334c946\" data-element_type=\"container\" data-e-type=\"container\">\n\t\t\t\t<div class=\"elementor-element elementor-element-f278019 elementor-widget elementor-widget-text-editor\" data-id=\"f278019\" data-element_type=\"widget\" data-e-type=\"widget\" data-widget_type=\"text-editor.default\">\n\t\t\t\t<div class=\"elementor-widget-container\">\n\t\t\t\t\t\t\t\t\t<p>La coordination du Collectif est financ\u00e9e \u00e0 hauteur d&rsquo;un mi-temps par Commission Communautaire Commune.\u00a0<\/p><p>Le fonctionnement du Collectif (achat de fleurs, de petit mat\u00e9riel, de c\u00e9r\u00e9monie, impression de photos, les caf\u00e9s apr\u00e8s les c\u00e9r\u00e9monies, les d\u00e9placements vers le cimeti\u00e8re en transports en commun, les affiches et invitations \u00e0 la c\u00e9r\u00e9monie annuelle,&#8230;) a b\u00e9n\u00e9fici\u00e9 d&rsquo;un subside de la Ville de Bruxelles de 2.500\u20ac par an, jusqu&rsquo;\u00e0 2022. Le Collectif les Morts de la Rue ne dispose d\u2019aucun moyen financier sp\u00e9cifique. Cependant, le r\u00e9seau fonctionne malgr\u00e9 tout par le soutien de ses membres, qui donnent de leur temps b\u00e9n\u00e9volement. Mais la situation est p\u00e9nible. Le Collectif est toujours \u00e0 la recherche de subsides pour soutenir nos actions. Si vous \u00eates int\u00e9ress\u00e9s \u00e0 subsidier nos actions ou les soutenir financi\u00e8rement, veuillez nous contacter.<\/p>\t\t\t\t\t\t\t\t<\/div>\n\t\t\t\t<\/div>\n\t\t\t\t<\/div>\n\t\t\t\t\t<\/details>\n\t\t\t\t\t<\/div>\n\t\t\t\t\t\t<\/div>\n\t\t\t\t<\/div>\n\t\t\t\t<\/div>\n\t\t<div class=\"elementor-element elementor-element-4dbf4d1 e-con-full e-flex e-con e-child\" data-id=\"4dbf4d1\" data-element_type=\"container\" data-e-type=\"container\">\n\t\t\t\t<div class=\"elementor-element elementor-element-9aa1744 elementor-widget elementor-widget-n-accordion\" data-id=\"9aa1744\" data-element_type=\"widget\" data-e-type=\"widget\" data-settings=\"{&quot;default_state&quot;:&quot;all_collapsed&quot;,&quot;max_items_expended&quot;:&quot;one&quot;,&quot;n_accordion_animation_duration&quot;:{&quot;unit&quot;:&quot;ms&quot;,&quot;size&quot;:400,&quot;sizes&quot;:[]}}\" data-widget_type=\"nested-accordion.default\">\n\t\t\t\t<div class=\"elementor-widget-container\">\n\t\t\t\t\t\t\t<div class=\"e-n-accordion\" aria-label=\"Accordeon. Open koppelingen met Enter of Spatie, sluit met Escape en navigeer met de pijltoetsen\">\n\t\t\t\t\t\t<details id=\"e-n-accordion-item-1620\" class=\"e-n-accordion-item\" >\n\t\t\t\t<summary class=\"e-n-accordion-item-title\" data-accordion-index=\"1\" tabindex=\"0\" aria-expanded=\"false\" aria-controls=\"e-n-accordion-item-1620\" >\n\t\t\t\t\t<span class='e-n-accordion-item-title-header'><div class=\"e-n-accordion-item-title-text\"> Ik wil graag een donatie doen <\/div><\/span>\n\t\t\t\t\t\t\t<span class='e-n-accordion-item-title-icon'>\n\t\t\t<span class='e-opened' ><i aria-hidden=\"true\" class=\"ban ban-ios-arrow-up\"><\/i><\/span>\n\t\t\t<span class='e-closed'><i aria-hidden=\"true\" class=\"ban ban-ios-arrow-down\"><\/i><\/span>\n\t\t<\/span>\n\n\t\t\t\t\t\t<\/summary>\n\t\t\t\t<div role=\"region\" aria-labelledby=\"e-n-accordion-item-1620\" class=\"elementor-element elementor-element-1a061d9 e-con-full e-flex e-con e-child\" data-id=\"1a061d9\" data-element_type=\"container\" data-e-type=\"container\">\n\t\t\t\t<div class=\"elementor-element elementor-element-0acde31 elementor-widget elementor-widget-text-editor\" data-id=\"0acde31\" data-element_type=\"widget\" data-e-type=\"widget\" data-widget_type=\"text-editor.default\">\n\t\t\t\t<div class=\"elementor-widget-container\">\n\t\t\t\t\t\t\t\t\t<p>Als u een anonieme donatie wilt doen: <strong>BE43 0003 2559 03 01<\/strong><\/p><p>Indien u wenst te genieten van de fiscale aftrekbaarheid van uw gift, kan uw gift overgemaakt worden op de rekening BNP PARIBAS FORTIS van de vzw DIOGENES, met de mededeling Dood op straat:<\/p><p><strong>IBAN: BE18 0012 9487 8965<\/strong><br class=\"autobr\" \/><strong>BIC: GE BA BE BB<\/strong><\/p>\t\t\t\t\t\t\t\t<\/div>\n\t\t\t\t<\/div>\n\t\t\t\t<div class=\"elementor-element elementor-element-985bb51 elementor-align-right elementor-invisible elementor-widget elementor-widget-button\" data-id=\"985bb51\" data-element_type=\"widget\" data-e-type=\"widget\" data-settings=\"{&quot;_animation&quot;:&quot;fadeInDown&quot;}\" data-widget_type=\"button.default\">\n\t\t\t\t<div class=\"elementor-widget-container\">\n\t\t\t\t\t\t\t\t\t<div class=\"elementor-button-wrapper\">\n\t\t\t\t\t<a class=\"elementor-button elementor-button-link elementor-size-md\" href=\"https:\/\/www.diogenes.brussels\/fr\/pages\/9-nous-soutenir\" target=\"_blank\">\n\t\t\t\t\t\t<span class=\"elementor-button-content-wrapper\">\n\t\t\t\t\t\t\t\t\t<span class=\"elementor-button-text\">Meer informatie<\/span>\n\t\t\t\t\t<\/span>\n\t\t\t\t\t<\/a>\n\t\t\t\t<\/div>\n\t\t\t\t\t\t\t\t<\/div>\n\t\t\t\t<\/div>\n\t\t\t\t<\/div>\n\t\t\t\t\t<\/details>\n\t\t\t\t\t<\/div>\n\t\t\t\t\t\t<\/div>\n\t\t\t\t<\/div>\n\t\t\t\t<\/div>\n\t\t\t\t<\/div>\n\t\t\t\t\t<\/div>\n\t\t\t\t<\/div>\n\t\t\t\t<\/div>","protected":false},"excerpt":{"rendered":"<p>\u00c0 savoir! Foire aux Questions Quels sont nos moyens financiers La coordination du Collectif est financ\u00e9e \u00e0 hauteur d&rsquo;un mi-temps par Commission Communautaire Commune.\u00a0 Le fonctionnement du Collectif (achat de fleurs, de petit mat\u00e9riel, de c\u00e9r\u00e9monie, impression de photos, les caf\u00e9s apr\u00e8s les c\u00e9r\u00e9monies, les d\u00e9placements vers le cimeti\u00e8re en transports en commun, les affiches [&hellip;]<\/p>\n","protected":false},"author":1,"featured_media":0,"parent":0,"menu_order":9,"comment_status":"closed","ping_status":"closed","template":"elementor_header_footer","meta":{"_acf_changed":false,"footnotes":""},"class_list":["post-1046","page","type-page","status-publish","hentry"],"acf":[],"_links":{"self":[{"href":"https:\/\/www.mortsdelarue.brussels\/nl\/wp-json\/wp\/v2\/pages\/1046","targetHints":{"allow":["GET"]}}],"collection":[{"href":"https:\/\/www.mortsdelarue.brussels\/nl\/wp-json\/wp\/v2\/pages"}],"about":[{"href":"https:\/\/www.mortsdelarue.brussels\/nl\/wp-json\/wp\/v2\/types\/page"}],"author":[{"embeddable":true,"href":"https:\/\/www.mortsdelarue.brussels\/nl\/wp-json\/wp\/v2\/users\/1"}],"replies":[{"embeddable":true,"href":"https:\/\/www.mortsdelarue.brussels\/nl\/wp-json\/wp\/v2\/comments?post=1046"}],"version-history":[{"count":7,"href":"https:\/\/www.mortsdelarue.brussels\/nl\/wp-json\/wp\/v2\/pages\/1046\/revisions"}],"predecessor-version":[{"id":1350,"href":"https:\/\/www.mortsdelarue.brussels\/nl\/wp-json\/wp\/v2\/pages\/1046\/revisions\/1350"}],"wp:attachment":[{"href":"https:\/\/www.mortsdelarue.brussels\/nl\/wp-json\/wp\/v2\/media?parent=1046"}],"curies":[{"name":"wp","href":"https:\/\/api.w.org\/{rel}","templated":true}]}}