{"id":3,"date":"2023-05-12T08:58:16","date_gmt":"2023-05-12T08:58:16","guid":{"rendered":"https:\/\/www.mortsdelarue.brussels\/?page_id=3"},"modified":"2024-09-20T12:31:07","modified_gmt":"2024-09-20T10:31:07","slug":"politique-de-confidentialite","status":"publish","type":"page","link":"https:\/\/www.mortsdelarue.brussels\/nl\/politique-de-confidentialite\/","title":{"rendered":"Privacybeleid"},"content":{"rendered":"<div class=\"headline\">\r\n<p>L\u2019asbl DIOGENES s&rsquo;engage \u00e0 ce que la collecte et le traitement de vos donn\u00e9es, effectu\u00e9s \u00e0 partir du site www.diogenes.brussels soient conformes au R\u00e8glement G\u00e9n\u00e9ral sur la Protection des Donn\u00e9es (RGPD).<\/p>\r\n<\/div>\r\n<div class=\"text main-text\">\r\n<h4 class=\"wp-block-heading\">Cookies<\/h4>\r\n<p>Pour assurer le bon fonctionnement de ce site internet, des informations relatives \u00e0 la navigation peuvent \u00eatre collect\u00e9es et stock\u00e9es sur votre appareil (ordinateur, tablette, smartphone, etc.) dans des fichiers appel\u00e9s \u00ab\u00a0cookies\u00a0\u00bb.<\/p>\r\n<p>Les cookies sont de petits fichiers stock\u00e9s par le navigateur (par exemple, Chrome, Firefox ou Safari) sur votre ordinateur ou smartphone. Ils permettent notamment d&rsquo;identifier les visiteurs du site web en cas de visites r\u00e9p\u00e9t\u00e9es sur le site web.<\/p>\r\n<p><strong>Cookies fonctionnels<\/strong><br \/>Utilis\u00e9s pour une navigation plus efficace, ils retiennent par exemple le choix de langue.<\/p>\r\n<p><strong>Cookies de suivi\u00a0<\/strong>(Google Analytics)<br \/>Ils permettent de fournir des analyses de fr\u00e9quentation du site et d&rsquo;\u00e9tablir des statistiques.<\/p>\r\n<p><strong>Cookies de service tiers<\/strong>\u00a0(Vimeo, Youtube, Soundcloud\u2026)<br \/>Ils analysent votre profil et adaptent le contenu publicitaire propos\u00e9. Si vous souhaitez des informations compl\u00e9mentaires sur l&rsquo;utilisation de vos informations par les \u00e9ventuels services tiers, nous vous invitons \u00e0 consulter leur documentation sp\u00e9cifique.<\/p>\r\n<p>La plupart des navigateurs internet sont automatiquement configur\u00e9s pour accepter les cookies. Cependant, vous pouvez configurer votre navigateur afin d\u2019accepter ou de bloquer certains cookies. Bloquer tous les cookies peut dans certains cas restreindre l&rsquo;acc\u00e8s \u00e0 certaines parties du site. Nous vous invitons \u00e0 consulter la documentation sp\u00e9cifique au navigateur que vous utilisez.<\/p>\r\n<h4>Droit sur vos donn\u00e9es<\/h4>\r\n<p>Vous disposez d\u2019un droit d\u2019obtention, de radiation ou de modification des enregistrements vous concernant dans nos registres.<\/p>\r\n<h4>Personne de contact<\/h4>\r\n<p>Pour toute demande d&rsquo;informations compl\u00e9mentaires concernant le traitement de vos donn\u00e9es merci de vous adresser \u00e0 :<br \/>asbl DIOGENES vzw<br \/>Place de Ninove, 10<br \/>1000 Bruxelles<br \/><a href=\"mailto:info@diogenes.brussels\">info@diogenes.brussels<\/a><\/p>\r\n<\/div>","protected":false},"excerpt":{"rendered":"<p>L\u2019asbl DIOGENES s&rsquo;engage \u00e0 ce que la collecte et le traitement de vos donn\u00e9es, effectu\u00e9s \u00e0 partir du site www.diogenes.brussels soient conformes au R\u00e8glement G\u00e9n\u00e9ral sur la Protection des Donn\u00e9es (RGPD). Cookies Pour assurer le bon fonctionnement de ce site internet, des informations relatives \u00e0 la navigation peuvent \u00eatre collect\u00e9es et stock\u00e9es sur votre appareil [&hellip;]<\/p>\n","protected":false},"author":1,"featured_media":0,"parent":0,"menu_order":7,"comment_status":"closed","ping_status":"closed","template":"","meta":{"_acf_changed":false,"footnotes":""},"class_list":["post-3","page","type-page","status-publish","hentry"],"acf":[],"_links":{"self":[{"href":"https:\/\/www.mortsdelarue.brussels\/nl\/wp-json\/wp\/v2\/pages\/3","targetHints":{"allow":["GET"]}}],"collection":[{"href":"https:\/\/www.mortsdelarue.brussels\/nl\/wp-json\/wp\/v2\/pages"}],"about":[{"href":"https:\/\/www.mortsdelarue.brussels\/nl\/wp-json\/wp\/v2\/types\/page"}],"author":[{"embeddable":true,"href":"https:\/\/www.mortsdelarue.brussels\/nl\/wp-json\/wp\/v2\/users\/1"}],"replies":[{"embeddable":true,"href":"https:\/\/www.mortsdelarue.brussels\/nl\/wp-json\/wp\/v2\/comments?post=3"}],"version-history":[{"count":0,"href":"https:\/\/www.mortsdelarue.brussels\/nl\/wp-json\/wp\/v2\/pages\/3\/revisions"}],"wp:attachment":[{"href":"https:\/\/www.mortsdelarue.brussels\/nl\/wp-json\/wp\/v2\/media?parent=3"}],"curies":[{"name":"wp","href":"https:\/\/api.w.org\/{rel}","templated":true}]}}